{"id":181,"date":"2018-07-28T08:52:06","date_gmt":"2018-07-28T08:52:06","guid":{"rendered":"http:\/\/alio.az-theme.net\/?page_id=181"},"modified":"2024-05-10T11:59:26","modified_gmt":"2024-05-10T11:59:26","slug":"about-2","status":"publish","type":"page","link":"https:\/\/cargalo.webs.upv.es\/?page_id=181","title":{"rendered":"About"},"content":{"rendered":"<div class=\"wpb-content-wrapper\"><p>[vc_row][vc_column width=\u00bb1\/2&#8243;][vc_custom_heading text=\u00bbBIO\u00bb font_container=\u00bbtag:h3|text_align:left|line_height:45px\u00bb use_theme_fonts=\u00bbyes\u00bb css=\u00bb.vc_custom_1715338093538{margin-bottom: 0px !important;}\u00bb][vc_custom_heading text=\u00bbValencia, 1975&#8243; font_container=\u00bbtag:p|text_align:left|color:%23999999&#8243; use_theme_fonts=\u00bbyes\u00bb][vc_column_text css_animation=\u00bbbottom-to-top\u00bb]<span style=\"font-weight: 400;\">Carmelo Gabald\u00f3n vive y trabaja en Valencia. Es un artista audio-visual que articula su discurso a partir del cuerpo humano, sus diferentes representaciones y la forma en que interact\u00faa con el contexto. Investiga en su pr\u00e1ctica art\u00edstica con formatos de archivo y construcciones de la memoria y la identidad de las comunidades mariconas contempor\u00e1neas.<\/span><\/p>\n<p><span style=\"font-weight: 400;\">Artista, investigador en arte, profesor asociado de la Facultad de Bellas Artes de Valencia en el Departamento de Dibujo y miembro del grupo de investigaci\u00f3n Animaci\u00f3n UPV.<\/span><\/p>\n<p><span style=\"font-weight: 400;\">Termin\u00f3 sus estudios en la Oslo and Akershus University College of Applied Sciencies; Faculty of Technology, Art and Desing. Cursando posteriormente el M\u00e1ster en Producci\u00f3n Art\u00edstica de la Universitat Polit\u00e8cnica de Val\u00e8ncia, en la rama de intensificaci\u00f3n: Arte y Tecnolog\u00eda. Ha sido becado en el Vicedecanato de Cultura de la Facultad de Bellas Artes de Valencia y ha formado parte del grupo de pensamiento dentro del proyecto de investigaci\u00f3n EFAB (Efecto de una fuerza aplicada bruscamente), investigaci\u00f3n llevada a cabo por el artista Pepe Miralles para el IVAM (Institut Valenci\u00e1 d\u2019Art Modern). Finalista en el Pink Riot Fest de 2020 &#8211; <\/span><span style=\"font-weight: 400;\">Festival internacional de investigaci\u00f3n, acci\u00f3n y participaci\u00f3n sobre g\u00e9nero-<\/span><span style=\"font-weight: 400;\">. Ha sido seleccionado para participar en 3 FICAE &#8211; Festival Internacional de Cortometrajes y Arte sobre Enfermedades &#8211; 2017 con su intervenci\u00f3n en el espacio p\u00fablico #SOYMARIC\u00d3N. Ha comisariado el proyecto Good As You (2017) para el n\u00famero 11 de la revista objeto Papel Engomado y ha participado en exposiciones colectivas como La Queermix (2018) en la galer\u00eda Mr. Pink (Valencia), la Muestra de Producciones Art\u00edsticas y Multimedia PAM!16 (2016) en el CCCC (Centre Cultura Contempor\u00e1nea del Carmen) y la exposici\u00f3n Sobresaturados (2016) en el C\u00edrculo de Bellas Artes de Valencia.<\/span><\/p>\n<p><span style=\"font-weight: 400;\">Actualmente participa en la investigaci\u00f3n y desarrollo del proyecto ANIMALETA, mediante el cual acercar la animaci\u00f3n a las escuelas implementando la metodolog\u00eda STEAM, aprender creando. <\/span><\/p>\n<p><span style=\"font-weight: 400;\">Director y coordinador de la muestra audiovisual <em>queer<\/em> RARA&amp;INVERTIDA. Es maric\u00f3n, blanco, europeo y un mont\u00f3n de etiquetas m\u00e1s que van cambiando y que son cuestionadas y saboteados continua y conscientemente por \u00e9l mismo. No sabr\u00eda definir si eso le convierte en artivista, activista, academicista o cualquier otra cosa.<\/span>[\/vc_column_text][\/vc_column][vc_column width=\u00bb1\/2&#8243;][\/vc_column][\/vc_row]<\/p>\n<\/div>","protected":false},"excerpt":{"rendered":"<p>[vc_row][vc_column width=\u00bb1\/2&#8243;][vc_custom_heading text=\u00bbBIO\u00bb font_container=\u00bbtag:h3|text_align:left|line_height:45px\u00bb use_theme_fonts=\u00bbyes\u00bb css=\u00bb.vc_custom_1715338093538{margin-bottom: 0px !important;}\u00bb][vc_custom_heading text=\u00bbValencia, 1975&#8243; font_container=\u00bbtag:p|text_align:left|color:%23999999&#8243; use_theme_fonts=\u00bbyes\u00bb][vc_column_text css_animation=\u00bbbottom-to-top\u00bb]Carmelo Gabald\u00f3n vive y trabaja en Valencia. Es un artista audio-visual que articula su discurso a partir del cuerpo humano, sus diferentes representaciones y la forma en que interact\u00faa con el contexto. Investiga en su pr\u00e1ctica art\u00edstica con formatos de archivo y construcciones [&hellip;]<\/p>\n","protected":false},"author":2,"featured_media":778,"parent":0,"menu_order":0,"comment_status":"closed","ping_status":"closed","template":"template-custom-page.php","meta":{"footnotes":""},"class_list":["post-181","page","type-page","status-publish","has-post-thumbnail","hentry"],"_links":{"self":[{"href":"https:\/\/cargalo.webs.upv.es\/index.php?rest_route=\/wp\/v2\/pages\/181","targetHints":{"allow":["GET"]}}],"collection":[{"href":"https:\/\/cargalo.webs.upv.es\/index.php?rest_route=\/wp\/v2\/pages"}],"about":[{"href":"https:\/\/cargalo.webs.upv.es\/index.php?rest_route=\/wp\/v2\/types\/page"}],"author":[{"embeddable":true,"href":"https:\/\/cargalo.webs.upv.es\/index.php?rest_route=\/wp\/v2\/users\/2"}],"replies":[{"embeddable":true,"href":"https:\/\/cargalo.webs.upv.es\/index.php?rest_route=%2Fwp%2Fv2%2Fcomments&post=181"}],"version-history":[{"count":7,"href":"https:\/\/cargalo.webs.upv.es\/index.php?rest_route=\/wp\/v2\/pages\/181\/revisions"}],"predecessor-version":[{"id":784,"href":"https:\/\/cargalo.webs.upv.es\/index.php?rest_route=\/wp\/v2\/pages\/181\/revisions\/784"}],"wp:featuredmedia":[{"embeddable":true,"href":"https:\/\/cargalo.webs.upv.es\/index.php?rest_route=\/wp\/v2\/media\/778"}],"wp:attachment":[{"href":"https:\/\/cargalo.webs.upv.es\/index.php?rest_route=%2Fwp%2Fv2%2Fmedia&parent=181"}],"curies":[{"name":"wp","href":"https:\/\/api.w.org\/{rel}","templated":true}]}}